{"id":27,"date":"2023-03-20T15:35:20","date_gmt":"2023-03-20T19:35:20","guid":{"rendered":"https:\/\/stlawrencemarathon.ca\/?page_id=27"},"modified":"2023-03-22T18:31:53","modified_gmt":"2023-03-22T22:31:53","slug":"events","status":"publish","type":"page","link":"https:\/\/stlawrencemarathon.ca\/fr\/events\/","title":{"rendered":"\u00c9v\u00e9nements"},"content":{"rendered":"<p class=\"has-text-align-center\">Un \u00e9v\u00e9nement de course de premier plan qui emm\u00e8ne les coureurs au c\u0153ur de Cornwall le long du pittoresque fleuve Saint-Laurent. Que vous soyez un marathonien chevronn\u00e9 ou un participant pour la premi\u00e8re fois, cette course offre quelque chose pour tout le monde, avec les options d'un <a href=\"\/fr\/events\/marathon\/\" data-type=\"page\" data-id=\"24\">marathon<\/a>, <a href=\"\/fr\/events\/half-marathon\/\" data-type=\"page\" data-id=\"29\">demi-marathon<\/a>, <a href=\"\/fr\/events\/10km\/\" data-type=\"page\" data-id=\"31\">10KM<\/a>, or <a href=\"\/fr\/events\/5km\/\" data-type=\"page\" data-id=\"33\">5KM<\/a>.<\/p>","protected":false},"excerpt":{"rendered":"<p>This premier running event takes runners through the heart of Cornwall and along the picturesque St. Lawrence River. Whether you&#8217;re a seasoned marathoner or a first-time participant, this race offers something for everyone, with the options of a marathon, half-marathon, 10KM, or 5KM.<\/p>","protected":false},"author":1,"featured_media":549,"parent":0,"menu_order":0,"comment_status":"closed","ping_status":"closed","template":"","meta":{"_acf_changed":false,"_et_pb_use_builder":"","_et_pb_old_content":"","_et_gb_content_width":"","footnotes":""},"class_list":["post-27","page","type-page","status-publish","has-post-thumbnail","hentry"],"acf":[],"_links":{"self":[{"href":"https:\/\/stlawrencemarathon.ca\/fr\/wp-json\/wp\/v2\/pages\/27","targetHints":{"allow":["GET"]}}],"collection":[{"href":"https:\/\/stlawrencemarathon.ca\/fr\/wp-json\/wp\/v2\/pages"}],"about":[{"href":"https:\/\/stlawrencemarathon.ca\/fr\/wp-json\/wp\/v2\/types\/page"}],"author":[{"embeddable":true,"href":"https:\/\/stlawrencemarathon.ca\/fr\/wp-json\/wp\/v2\/users\/1"}],"replies":[{"embeddable":true,"href":"https:\/\/stlawrencemarathon.ca\/fr\/wp-json\/wp\/v2\/comments?post=27"}],"version-history":[{"count":10,"href":"https:\/\/stlawrencemarathon.ca\/fr\/wp-json\/wp\/v2\/pages\/27\/revisions"}],"predecessor-version":[{"id":370,"href":"https:\/\/stlawrencemarathon.ca\/fr\/wp-json\/wp\/v2\/pages\/27\/revisions\/370"}],"wp:featuredmedia":[{"embeddable":true,"href":"https:\/\/stlawrencemarathon.ca\/fr\/wp-json\/wp\/v2\/media\/549"}],"wp:attachment":[{"href":"https:\/\/stlawrencemarathon.ca\/fr\/wp-json\/wp\/v2\/media?parent=27"}],"curies":[{"name":"wp","href":"https:\/\/api.w.org\/{rel}","templated":true}]}}