{"id":37,"date":"2023-03-20T15:38:20","date_gmt":"2023-03-20T19:38:20","guid":{"rendered":"https:\/\/stlawrencemarathon.ca\/?page_id=37"},"modified":"2023-04-04T10:52:38","modified_gmt":"2023-04-04T14:52:38","slug":"photos","status":"publish","type":"page","link":"https:\/\/stlawrencemarathon.ca\/fr\/information\/photos\/","title":{"rendered":"Photos"},"content":{"rendered":"<p class=\"has-text-align-center\">Parcourez une s\u00e9lection de photos d'\u00e9v\u00e9nements qui capturent l'excitation et l'\u00e9nergie de notre marathon. Des coureurs franchissant la ligne d'arriv\u00e9e aux b\u00e9n\u00e9voles encourageant les participants, notre galerie met en valeur l'esprit de notre \u00e9v\u00e9nement. Nous mettons r\u00e9guli\u00e8rement \u00e0 jour notre galerie avec de nouvelles photos, alors assurez-vous de revenir souvent.<\/p>\n\n\n\n<figure class=\"wp-block-gallery has-nested-images columns-default is-cropped wp-block-gallery-1 is-layout-flex wp-block-gallery-is-layout-flex\">\n<figure class=\"wp-block-image size-large\"><a href=\"https:\/\/stlawrencemarathon.ca\/wp-content\/uploads\/2023\/03\/81253413_599237590809313_5462884522111983361_n.jpg\"><img decoding=\"async\" width=\"800\" height=\"800\" data-id=\"232\" src=\"https:\/\/stlawrencemarathon.ca\/wp-content\/uploads\/2023\/03\/81253413_599237590809313_5462884522111983361_n.jpg\" alt=\"\" class=\"wp-image-232\" srcset=\"https:\/\/stlawrencemarathon.ca\/wp-content\/uploads\/2023\/03\/81253413_599237590809313_5462884522111983361_n.jpg 800w, https:\/\/stlawrencemarathon.ca\/wp-content\/uploads\/2023\/03\/81253413_599237590809313_5462884522111983361_n-480x480.jpg 480w\" sizes=\"(min-width: 0px) and (max-width: 480px) 480px, (min-width: 481px) 800px, 100vw\" \/><\/a><\/figure>\n\n\n\n<figure class=\"wp-block-image size-large\"><a href=\"https:\/\/stlawrencemarathon.ca\/wp-content\/uploads\/2023\/03\/81898245_170651054027184_3295858537976641919_n.jpg\"><img decoding=\"async\" width=\"800\" height=\"800\" data-id=\"234\" src=\"https:\/\/stlawrencemarathon.ca\/wp-content\/uploads\/2023\/03\/81898245_170651054027184_3295858537976641919_n.jpg\" alt=\"\" class=\"wp-image-234\" srcset=\"https:\/\/stlawrencemarathon.ca\/wp-content\/uploads\/2023\/03\/81898245_170651054027184_3295858537976641919_n.jpg 800w, https:\/\/stlawrencemarathon.ca\/wp-content\/uploads\/2023\/03\/81898245_170651054027184_3295858537976641919_n-480x480.jpg 480w\" sizes=\"(min-width: 0px) and (max-width: 480px) 480px, (min-width: 481px) 800px, 100vw\" \/><\/a><\/figure>\n\n\n\n<figure class=\"wp-block-image size-large\"><a href=\"https:\/\/stlawrencemarathon.ca\/wp-content\/uploads\/2023\/03\/269831691_1312166242585052_1129441925693672344_n.jpg\"><img decoding=\"async\" width=\"1024\" height=\"1024\" data-id=\"233\" src=\"https:\/\/stlawrencemarathon.ca\/wp-content\/uploads\/2023\/03\/269831691_1312166242585052_1129441925693672344_n-1024x1024.jpg\" alt=\"\" class=\"wp-image-233\" srcset=\"https:\/\/stlawrencemarathon.ca\/wp-content\/uploads\/2023\/03\/269831691_1312166242585052_1129441925693672344_n-1024x1024.jpg 1024w, https:\/\/stlawrencemarathon.ca\/wp-content\/uploads\/2023\/03\/269831691_1312166242585052_1129441925693672344_n-980x980.jpg 980w, https:\/\/stlawrencemarathon.ca\/wp-content\/uploads\/2023\/03\/269831691_1312166242585052_1129441925693672344_n-480x480.jpg 480w\" sizes=\"(min-width: 0px) and (max-width: 480px) 480px, (min-width: 481px) and (max-width: 980px) 980px, (min-width: 981px) 1024px, 100vw\" \/><\/a><\/figure>\n\n\n\n<figure class=\"wp-block-image size-large\"><a href=\"https:\/\/stlawrencemarathon.ca\/wp-content\/uploads\/2023\/03\/273521283_643754923610165_690791510822294489_n.jpg\"><img decoding=\"async\" width=\"1024\" height=\"607\" data-id=\"235\" src=\"https:\/\/stlawrencemarathon.ca\/wp-content\/uploads\/2023\/03\/273521283_643754923610165_690791510822294489_n-1024x607.jpg\" alt=\"\" class=\"wp-image-235\" srcset=\"https:\/\/stlawrencemarathon.ca\/wp-content\/uploads\/2023\/03\/273521283_643754923610165_690791510822294489_n-1024x607.jpg 1024w, https:\/\/stlawrencemarathon.ca\/wp-content\/uploads\/2023\/03\/273521283_643754923610165_690791510822294489_n-980x581.jpg 980w, https:\/\/stlawrencemarathon.ca\/wp-content\/uploads\/2023\/03\/273521283_643754923610165_690791510822294489_n-480x284.jpg 480w\" sizes=\"(min-width: 0px) and (max-width: 480px) 480px, (min-width: 481px) and (max-width: 980px) 980px, (min-width: 981px) 1024px, 100vw\" \/><\/a><\/figure>\n<\/figure>\n\n\n\n<figure class=\"wp-block-embed is-type-video is-provider-youtube wp-block-embed-youtube wp-embed-aspect-16-9 wp-has-aspect-ratio\"><div class=\"wp-block-embed__wrapper\">\n<iframe title=\"Marathon du Saint-Lawrence\" width=\"1080\" height=\"608\" src=\"https:\/\/www.youtube.com\/embed\/X_z18ozSSvE?feature=oembed\"  allow=\"accelerometer; autoplay; clipboard-write; encrypted-media; gyroscope; picture-in-picture; web-share\" allowfullscreen><\/iframe>\n<\/div><\/figure>","protected":false},"excerpt":{"rendered":"<p>Parcourez une s\u00e9lection de photos d'\u00e9v\u00e9nements qui capturent l'excitation et l'\u00e9nergie de notre marathon. Des coureurs franchissant la ligne d'arriv\u00e9e aux b\u00e9n\u00e9voles encourageant les participants, notre galerie met en valeur l'esprit de notre \u00e9v\u00e9nement. Nous mettons r\u00e9guli\u00e8rement \u00e0 jour notre galerie avec de nouvelles photos, alors assurez-vous de revenir souvent.<\/p>","protected":false},"author":1,"featured_media":546,"parent":35,"menu_order":0,"comment_status":"closed","ping_status":"closed","template":"","meta":{"_acf_changed":false,"_et_pb_use_builder":"","_et_pb_old_content":"","_et_gb_content_width":"","footnotes":""},"class_list":["post-37","page","type-page","status-publish","has-post-thumbnail","hentry"],"acf":[],"_links":{"self":[{"href":"https:\/\/stlawrencemarathon.ca\/fr\/wp-json\/wp\/v2\/pages\/37","targetHints":{"allow":["GET"]}}],"collection":[{"href":"https:\/\/stlawrencemarathon.ca\/fr\/wp-json\/wp\/v2\/pages"}],"about":[{"href":"https:\/\/stlawrencemarathon.ca\/fr\/wp-json\/wp\/v2\/types\/page"}],"author":[{"embeddable":true,"href":"https:\/\/stlawrencemarathon.ca\/fr\/wp-json\/wp\/v2\/users\/1"}],"replies":[{"embeddable":true,"href":"https:\/\/stlawrencemarathon.ca\/fr\/wp-json\/wp\/v2\/comments?post=37"}],"version-history":[{"count":10,"href":"https:\/\/stlawrencemarathon.ca\/fr\/wp-json\/wp\/v2\/pages\/37\/revisions"}],"predecessor-version":[{"id":650,"href":"https:\/\/stlawrencemarathon.ca\/fr\/wp-json\/wp\/v2\/pages\/37\/revisions\/650"}],"up":[{"embeddable":true,"href":"https:\/\/stlawrencemarathon.ca\/fr\/wp-json\/wp\/v2\/pages\/35"}],"wp:featuredmedia":[{"embeddable":true,"href":"https:\/\/stlawrencemarathon.ca\/fr\/wp-json\/wp\/v2\/media\/546"}],"wp:attachment":[{"href":"https:\/\/stlawrencemarathon.ca\/fr\/wp-json\/wp\/v2\/media?parent=37"}],"curies":[{"name":"wp","href":"https:\/\/api.w.org\/{rel}","templated":true}]}}