{"id":39,"date":"2023-03-20T15:38:27","date_gmt":"2023-03-20T19:38:27","guid":{"rendered":"https:\/\/stlawrencemarathon.ca\/?page_id=39"},"modified":"2023-03-22T18:30:41","modified_gmt":"2023-03-22T22:30:41","slug":"volunteer","status":"publish","type":"page","link":"https:\/\/stlawrencemarathon.ca\/fr\/volunteer\/","title":{"rendered":"B\u00e9n\u00e9voles"},"content":{"rendered":"<p>Merci d'avoir envisag\u00e9 de faire du b\u00e9n\u00e9volat pour le Marathon du Saint-Laurent! Notre \u00e9v\u00e9nement compte sur l'aide de b\u00e9n\u00e9voles d\u00e9vou\u00e9s pour assurer une course r\u00e9ussie et s\u00e9curitaire pour tous les participants. Il existe une vari\u00e9t\u00e9 de fa\u00e7ons dont vous pouvez contribuer votre temps et vos comp\u00e9tences pour soutenir cet \u00e9v\u00e9nement passionnant.<\/p>\n\n\n\n<h3 class=\"wp-block-heading\">B\u00e9n\u00e9voles le jour de la course<\/h3>\n\n\n\n<p>Le jour de la course, nous avons besoin de b\u00e9n\u00e9voles pour aider \u00e0 une vari\u00e9t\u00e9 de t\u00e2ches, y compris les pr\u00e9pos\u00e9s \u00e0 la station d'eau, les commissaires de parcours, l'inscription et le soutien \u00e0 la ligne d'arriv\u00e9e. Nous avons des opportunit\u00e9s pour les individus, les groupes et les familles de s'impliquer et de soutenir les coureurs alors qu'ils traversent Cornwall.<\/p>\n\n\n\n<h3 class=\"wp-block-heading\">B\u00e9n\u00e9voles avant la course<\/h3>\n\n\n\n<p>En plus du soutien le jour de la course, nous avons \u00e9galement besoin de b\u00e9n\u00e9voles dans les jours pr\u00e9c\u00e9dant l'\u00e9v\u00e9nement. Ces t\u00e2ches comprennent le ramassage des paquets, la mise en place de la signalisation et la pr\u00e9paration des fournitures. Si vous ne pouvez pas aider le jour de la course mais que vous souhaitez quand m\u00eame contribuer, c'est une excellente occasion de vous impliquer.<\/p>\n\n\n\n<h3 class=\"wp-block-heading\">Volontaires sp\u00e9cialis\u00e9s<\/h3>\n\n\n\n<p>Si vous avez une comp\u00e9tence ou un int\u00e9r\u00eat particulier, nous pouvons avoir une opportunit\u00e9 de b\u00e9n\u00e9volat sp\u00e9cialis\u00e9 pour vous. Les exemples incluent le soutien m\u00e9dical, la photographie ou la coordination des b\u00e9n\u00e9voles. Faites-nous savoir comment vous aimeriez aider, et nous ferons de notre mieux pour trouver un r\u00f4le qui vous convient.<\/p>\n\n\n\n<p>Pour vous inscrire comme b\u00e9n\u00e9vole, veuillez <a href=\"\/fr\/contact\/\" data-type=\"page\" data-id=\"41\">nous contactez via notre formulaire<\/a>. Nous vous contacterons peu de temps apr\u00e8s pour confirmer votre r\u00f4le et vous fournir plus de d\u00e9tails. Merci de votre soutien pour faire du Marathon du Saint-Laurent un succ\u00e8s!<\/p>\n\n\n\n<div class=\"wp-block-buttons is-layout-flex wp-block-buttons-is-layout-flex\"><\/div>","protected":false},"excerpt":{"rendered":"<p>Thank you for considering volunteering for the St. Lawrence Marathon! Our event relies on the help of dedicated volunteers to ensure a successful and safe race for all participants. There are a variety of ways you can contribute your time and skills to support this exciting event. Race Day Volunteers On race day, we need [&hellip;]<\/p>","protected":false},"author":1,"featured_media":548,"parent":0,"menu_order":0,"comment_status":"closed","ping_status":"closed","template":"","meta":{"_acf_changed":false,"_et_pb_use_builder":"","_et_pb_old_content":"","_et_gb_content_width":"","footnotes":""},"class_list":["post-39","page","type-page","status-publish","has-post-thumbnail","hentry"],"acf":[],"_links":{"self":[{"href":"https:\/\/stlawrencemarathon.ca\/fr\/wp-json\/wp\/v2\/pages\/39","targetHints":{"allow":["GET"]}}],"collection":[{"href":"https:\/\/stlawrencemarathon.ca\/fr\/wp-json\/wp\/v2\/pages"}],"about":[{"href":"https:\/\/stlawrencemarathon.ca\/fr\/wp-json\/wp\/v2\/types\/page"}],"author":[{"embeddable":true,"href":"https:\/\/stlawrencemarathon.ca\/fr\/wp-json\/wp\/v2\/users\/1"}],"replies":[{"embeddable":true,"href":"https:\/\/stlawrencemarathon.ca\/fr\/wp-json\/wp\/v2\/comments?post=39"}],"version-history":[{"count":5,"href":"https:\/\/stlawrencemarathon.ca\/fr\/wp-json\/wp\/v2\/pages\/39\/revisions"}],"predecessor-version":[{"id":340,"href":"https:\/\/stlawrencemarathon.ca\/fr\/wp-json\/wp\/v2\/pages\/39\/revisions\/340"}],"wp:featuredmedia":[{"embeddable":true,"href":"https:\/\/stlawrencemarathon.ca\/fr\/wp-json\/wp\/v2\/media\/548"}],"wp:attachment":[{"href":"https:\/\/stlawrencemarathon.ca\/fr\/wp-json\/wp\/v2\/media?parent=39"}],"curies":[{"name":"wp","href":"https:\/\/api.w.org\/{rel}","templated":true}]}}