{"id":41,"date":"2023-03-20T15:38:38","date_gmt":"2023-03-20T19:38:38","guid":{"rendered":"https:\/\/stlawrencemarathon.ca\/?page_id=41"},"modified":"2023-03-21T09:09:17","modified_gmt":"2023-03-21T13:09:17","slug":"contact","status":"publish","type":"page","link":"https:\/\/stlawrencemarathon.ca\/fr\/contact\/","title":{"rendered":"Contact"},"content":{"rendered":"<p>Nous sommes ravis d'avoir de vos nouvelles et sommes impatients de r\u00e9pondre \u00e0 toutes vos questions ou demandes de renseignements. Que vous soyez un participant, un b\u00e9n\u00e9vole, un commanditaire ou simplement quelqu'un qui souhaite en savoir plus sur notre \u00e9v\u00e9nement, nous sommes l\u00e0 pour vous aider.<\/p>\n\n\n\n<p>Veuillez utiliser le formulaire ci-dessous pour nous contacter. Notre \u00e9quipe d\u00e9di\u00e9e examinera votre message et vous r\u00e9pondra dans les plus brefs d\u00e9lais. Merci de votre int\u00e9r\u00eat pour le Marathon du Saint-Laurent et nous avons h\u00e2te d'avoir de vos nouvelles!<\/p>","protected":false},"excerpt":{"rendered":"<p>We are thrilled to hear from you and are eager to assist with any questions or inquiries you may have. Whether you&#8217;re a participant, a volunteer, a sponsor, or just someone interested in learning more about our event, we&#8217;re here to help. Please use the form below to get in touch with us. Our dedicated [&hellip;]<\/p>","protected":false},"author":1,"featured_media":128,"parent":0,"menu_order":0,"comment_status":"closed","ping_status":"closed","template":"","meta":{"_acf_changed":false,"_et_pb_use_builder":"","_et_pb_old_content":"","_et_gb_content_width":"","footnotes":""},"class_list":["post-41","page","type-page","status-publish","has-post-thumbnail","hentry"],"acf":[],"_links":{"self":[{"href":"https:\/\/stlawrencemarathon.ca\/fr\/wp-json\/wp\/v2\/pages\/41","targetHints":{"allow":["GET"]}}],"collection":[{"href":"https:\/\/stlawrencemarathon.ca\/fr\/wp-json\/wp\/v2\/pages"}],"about":[{"href":"https:\/\/stlawrencemarathon.ca\/fr\/wp-json\/wp\/v2\/types\/page"}],"author":[{"embeddable":true,"href":"https:\/\/stlawrencemarathon.ca\/fr\/wp-json\/wp\/v2\/users\/1"}],"replies":[{"embeddable":true,"href":"https:\/\/stlawrencemarathon.ca\/fr\/wp-json\/wp\/v2\/comments?post=41"}],"version-history":[{"count":7,"href":"https:\/\/stlawrencemarathon.ca\/fr\/wp-json\/wp\/v2\/pages\/41\/revisions"}],"predecessor-version":[{"id":171,"href":"https:\/\/stlawrencemarathon.ca\/fr\/wp-json\/wp\/v2\/pages\/41\/revisions\/171"}],"wp:featuredmedia":[{"embeddable":true,"href":"https:\/\/stlawrencemarathon.ca\/fr\/wp-json\/wp\/v2\/media\/128"}],"wp:attachment":[{"href":"https:\/\/stlawrencemarathon.ca\/fr\/wp-json\/wp\/v2\/media?parent=41"}],"curies":[{"name":"wp","href":"https:\/\/api.w.org\/{rel}","templated":true}]}}